{"id":55672,"date":"2020-07-30T13:00:43","date_gmt":"2020-07-30T13:00:43","guid":{"rendered":"https:\/\/jugo-impex.com\/uslovi-koriscenja\/"},"modified":"2021-02-03T10:50:47","modified_gmt":"2021-02-03T10:50:47","slug":"nutzungsbedingungen","status":"publish","type":"page","link":"https:\/\/jugo-impex.com\/de\/nutzungsbedingungen\/","title":{"rendered":"Nutzungsbedingungen der Website und der Dienste"},"content":{"rendered":"<p>Vielen Dank f\u00fcr Ihren Besuch auf der Jugo-Impex-Website. Ihr Zugriff auf und Ihre Nutzung der Jugo-Impex-Website unterliegen diesen Nutzungsbedingungen und den geltenden Gesetzen f\u00fcr diesen Bereich. Durch den Zugriff auf und die Nutzung der Jugo-Impex-Website akzeptieren Sie diese Nutzungsbedingungen ohne Einschr\u00e4nkung. Wenn Sie diese Nutzungsbedingungen nicht akzeptieren, verlassen Sie bitte die Jugo-Impex-Website.<\/p>\n<p><strong>Urheberrechte \u00a9<\/strong><\/p>\n<p>Alle Inhalte (Texte, Fotos, Audio- und Videomaterialien, Datenbanken, Programmcode) auf der Jugo-Impex-Website sind Eigentum von Jugo-Impex oder werden mit Genehmigung des Eigent\u00fcmers oder des autorisierten Rechteinhabers auf der Website ver\u00f6ffentlicht. Die unbefugte Nutzung eines Teils der Website <a href=\"\/de\/\">jugo-impex.com<\/a> ohne Erlaubnis des Copyright-Inhabers gilt als Urheberrechtsverletzung und wird strafrechtlich verfolgt.<\/p>\n<p><strong>Links zu anderen Websites<\/strong><\/p>\n<p>Die Jugo-Impex-Website besteht aus urheberrechtlich gesch\u00fctztem Inhalt, Partnerinhalten und Links zu anderen Websites. Die Verwendung aller Inhalte auf der Jugo-Impe-Website erfolgt auf eigenes Risiko. Jugo-Impex haftet nicht f\u00fcr materielle oder immaterielle Sch\u00e4den, die durch den Besuch von Links und Seiten entstehen, die sich nicht auf der Jugo-Impex-Website befinden, sowie f\u00fcr Ereignisse, die nicht objektiv beeinflusst werden k\u00f6nnen und die die technischen M\u00f6glichkeiten von Jugo-Impex sprengen .<\/p>\n<p><strong>\u00c4nderung der Nutzungsbedingungen<\/strong><\/p>\n<p>Jugo-Impex beh\u00e4lt sich das Recht vor, diese Nutzungsbedingungen der Website jederzeit und ohne weitere Ank\u00fcndigung zu \u00e4ndern. Jede \u00c4nderung wird nach ihrer Ver\u00f6ffentlichung auf der Website <a href=\"\/de\/\">jugo-impex.com<\/a> g\u00fcltig. Der Benutzer verpflichtet sich, die Jugo-Impex-Website regelm\u00e4\u00dfig zu besuchen und diese Nutzungsbedingungen zu lesen, um \u00fcber \u00c4nderungen informiert zu sein. Wenn der Benutzer die Jugo-Impex-Website und -Dienste nach einer neuen Version der Nutzungsbedingungen der Website weiterhin nutzt, wird davon ausgegangen, dass er diese als g\u00fcltig akzeptiert hat.<\/p>\n","protected":false},"excerpt":{"rendered":"<p>Vielen Dank f\u00fcr Ihren Besuch auf der Jugo-Impex-Website. Ihr Zugriff auf und Ihre Nutzung der Jugo-Impex-Website unterliegen diesen Nutzungsbedingungen und den geltenden Gesetzen f\u00fcr diesen Bereich. Durch den Zugriff auf und die Nutzung der Jugo-Impex-Website akzeptieren Sie diese Nutzungsbedingungen ohne Einschr\u00e4nkung. Wenn Sie diese Nutzungsbedingungen nicht akzeptieren, verlassen Sie bitte die Jugo-Impex-Website. Urheberrechte \u00a9 Alle [&hellip;]<\/p>\n","protected":false},"author":2,"featured_media":0,"parent":0,"menu_order":0,"comment_status":"closed","ping_status":"closed","template":"general-template.php","meta":{"_acf_changed":false,"inline_featured_image":false,"footnotes":""},"class_list":["post-55672","page","type-page","status-publish","hentry"],"acf":[],"yoast_head":"<!-- This site is optimized with the Yoast SEO plugin v27.3 - https:\/\/yoast.com\/product\/yoast-seo-wordpress\/ -->\n<title>Nutzungsbedingungen- JUGO-IMPEX<\/title>\n<meta name=\"description\" content=\"Erfahren Sie mehr \u00fcber die Nutzungsbedingungen auf der offiziellen Website von Jugo-Impex.\" \/>\n<meta name=\"robots\" content=\"index, follow, max-snippet:-1, max-image-preview:large, max-video-preview:-1\" \/>\n<link rel=\"canonical\" href=\"https:\/\/jugo-impex.com\/de\/nutzungsbedingungen\/\" \/>\n<meta name=\"twitter:label1\" content=\"Gesch\u00e4tzte Lesezeit\" \/>\n\t<meta name=\"twitter:data1\" content=\"1\u00a0Minute\" \/>\n<script type=\"application\/ld+json\" class=\"yoast-schema-graph\">{\"@context\":\"https:\\\/\\\/schema.org\",\"@graph\":[{\"@type\":\"WebPage\",\"@id\":\"https:\\\/\\\/jugo-impex.com\\\/de\\\/nutzungsbedingungen\\\/\",\"url\":\"https:\\\/\\\/jugo-impex.com\\\/de\\\/nutzungsbedingungen\\\/\",\"name\":\"Nutzungsbedingungen- JUGO-IMPEX\",\"isPartOf\":{\"@id\":\"https:\\\/\\\/jugo-impex.com\\\/#website\"},\"datePublished\":\"2020-07-30T13:00:43+00:00\",\"dateModified\":\"2021-02-03T10:50:47+00:00\",\"description\":\"Erfahren Sie mehr \u00fcber die Nutzungsbedingungen auf der offiziellen Website von Jugo-Impex.\",\"breadcrumb\":{\"@id\":\"https:\\\/\\\/jugo-impex.com\\\/de\\\/nutzungsbedingungen\\\/#breadcrumb\"},\"inLanguage\":\"de\",\"potentialAction\":[{\"@type\":\"ReadAction\",\"target\":[\"https:\\\/\\\/jugo-impex.com\\\/de\\\/nutzungsbedingungen\\\/\"]}]},{\"@type\":\"BreadcrumbList\",\"@id\":\"https:\\\/\\\/jugo-impex.com\\\/de\\\/nutzungsbedingungen\\\/#breadcrumb\",\"itemListElement\":[{\"@type\":\"ListItem\",\"position\":1,\"name\":\"Home\",\"item\":\"https:\\\/\\\/jugo-impex.com\\\/de\\\/\"},{\"@type\":\"ListItem\",\"position\":2,\"name\":\"Nutzungsbedingungen der Website und der Dienste\"}]},{\"@type\":\"WebSite\",\"@id\":\"https:\\\/\\\/jugo-impex.com\\\/#website\",\"url\":\"https:\\\/\\\/jugo-impex.com\\\/\",\"name\":\"Jugo-impex\",\"description\":\"\",\"potentialAction\":[{\"@type\":\"SearchAction\",\"target\":{\"@type\":\"EntryPoint\",\"urlTemplate\":\"https:\\\/\\\/jugo-impex.com\\\/?s={search_term_string}\"},\"query-input\":{\"@type\":\"PropertyValueSpecification\",\"valueRequired\":true,\"valueName\":\"search_term_string\"}}],\"inLanguage\":\"de\"}]}<\/script>\n<!-- \/ Yoast SEO plugin. -->","yoast_head_json":{"title":"Nutzungsbedingungen- JUGO-IMPEX","description":"Erfahren Sie mehr \u00fcber die Nutzungsbedingungen auf der offiziellen Website von Jugo-Impex.","robots":{"index":"index","follow":"follow","max-snippet":"max-snippet:-1","max-image-preview":"max-image-preview:large","max-video-preview":"max-video-preview:-1"},"canonical":"https:\/\/jugo-impex.com\/de\/nutzungsbedingungen\/","twitter_misc":{"Gesch\u00e4tzte Lesezeit":"1\u00a0Minute"},"schema":{"@context":"https:\/\/schema.org","@graph":[{"@type":"WebPage","@id":"https:\/\/jugo-impex.com\/de\/nutzungsbedingungen\/","url":"https:\/\/jugo-impex.com\/de\/nutzungsbedingungen\/","name":"Nutzungsbedingungen- JUGO-IMPEX","isPartOf":{"@id":"https:\/\/jugo-impex.com\/#website"},"datePublished":"2020-07-30T13:00:43+00:00","dateModified":"2021-02-03T10:50:47+00:00","description":"Erfahren Sie mehr \u00fcber die Nutzungsbedingungen auf der offiziellen Website von Jugo-Impex.","breadcrumb":{"@id":"https:\/\/jugo-impex.com\/de\/nutzungsbedingungen\/#breadcrumb"},"inLanguage":"de","potentialAction":[{"@type":"ReadAction","target":["https:\/\/jugo-impex.com\/de\/nutzungsbedingungen\/"]}]},{"@type":"BreadcrumbList","@id":"https:\/\/jugo-impex.com\/de\/nutzungsbedingungen\/#breadcrumb","itemListElement":[{"@type":"ListItem","position":1,"name":"Home","item":"https:\/\/jugo-impex.com\/de\/"},{"@type":"ListItem","position":2,"name":"Nutzungsbedingungen der Website und der Dienste"}]},{"@type":"WebSite","@id":"https:\/\/jugo-impex.com\/#website","url":"https:\/\/jugo-impex.com\/","name":"Jugo-impex","description":"","potentialAction":[{"@type":"SearchAction","target":{"@type":"EntryPoint","urlTemplate":"https:\/\/jugo-impex.com\/?s={search_term_string}"},"query-input":{"@type":"PropertyValueSpecification","valueRequired":true,"valueName":"search_term_string"}}],"inLanguage":"de"}]}},"_links":{"self":[{"href":"https:\/\/jugo-impex.com\/de\/wp-json\/wp\/v2\/pages\/55672","targetHints":{"allow":["GET"]}}],"collection":[{"href":"https:\/\/jugo-impex.com\/de\/wp-json\/wp\/v2\/pages"}],"about":[{"href":"https:\/\/jugo-impex.com\/de\/wp-json\/wp\/v2\/types\/page"}],"author":[{"embeddable":true,"href":"https:\/\/jugo-impex.com\/de\/wp-json\/wp\/v2\/users\/2"}],"replies":[{"embeddable":true,"href":"https:\/\/jugo-impex.com\/de\/wp-json\/wp\/v2\/comments?post=55672"}],"version-history":[{"count":0,"href":"https:\/\/jugo-impex.com\/de\/wp-json\/wp\/v2\/pages\/55672\/revisions"}],"wp:attachment":[{"href":"https:\/\/jugo-impex.com\/de\/wp-json\/wp\/v2\/media?parent=55672"}],"curies":[{"name":"wp","href":"https:\/\/api.w.org\/{rel}","templated":true}]}}