{"id":55667,"date":"2020-07-24T13:51:45","date_gmt":"2020-07-24T13:51:45","guid":{"rendered":"https:\/\/jugo-impex.com\/sektoren\/neopasan-otpad\/"},"modified":"2021-02-03T10:43:45","modified_gmt":"2021-02-03T10:43:45","slug":"nicht-gefaehrlicher-abfall","status":"publish","type":"page","link":"https:\/\/jugo-impex.com\/de\/sektoren\/nicht-gefaehrlicher-abfall\/","title":{"rendered":"Nicht gef\u00e4hrlicher Abfall"},"content":{"rendered":"","protected":false},"excerpt":{"rendered":"","protected":false},"author":2,"featured_media":0,"parent":307,"menu_order":0,"comment_status":"closed","ping_status":"closed","template":"page-neopasan-otpad.php","meta":{"_acf_changed":false,"inline_featured_image":false,"footnotes":""},"class_list":["post-55667","page","type-page","status-publish","hentry"],"acf":[],"yoast_head":"<!-- This site is optimized with the Yoast SEO plugin v27.3 - https:\/\/yoast.com\/product\/yoast-seo-wordpress\/ -->\n<title>Recyclingzentrum f\u00fcr nicht gef\u00e4hrliche Abf\u00e4lle - JUGO-IMPEX<\/title>\n<meta name=\"description\" content=\"Jugo-Impex recycelt in seinem Recyclingzentrum die gesammelten Abf\u00e4lle effizient zu Rohstoffen, welche zur Wiederverwendung geeignet sind.\" \/>\n<meta name=\"robots\" content=\"index, follow, max-snippet:-1, max-image-preview:large, max-video-preview:-1\" \/>\n<link rel=\"canonical\" href=\"https:\/\/jugo-impex.com\/de\/sektoren\/nicht-gefaehrlicher-abfall\/\" \/>\n<script type=\"application\/ld+json\" class=\"yoast-schema-graph\">{\"@context\":\"https:\\\/\\\/schema.org\",\"@graph\":[{\"@type\":\"WebPage\",\"@id\":\"https:\\\/\\\/jugo-impex.com\\\/de\\\/sektoren\\\/nicht-gefaehrlicher-abfall\\\/\",\"url\":\"https:\\\/\\\/jugo-impex.com\\\/de\\\/sektoren\\\/nicht-gefaehrlicher-abfall\\\/\",\"name\":\"Recyclingzentrum f\u00fcr nicht gef\u00e4hrliche Abf\u00e4lle - JUGO-IMPEX\",\"isPartOf\":{\"@id\":\"https:\\\/\\\/jugo-impex.com\\\/#website\"},\"datePublished\":\"2020-07-24T13:51:45+00:00\",\"dateModified\":\"2021-02-03T10:43:45+00:00\",\"description\":\"Jugo-Impex recycelt in seinem Recyclingzentrum die gesammelten Abf\u00e4lle effizient zu Rohstoffen, welche zur Wiederverwendung geeignet sind.\",\"breadcrumb\":{\"@id\":\"https:\\\/\\\/jugo-impex.com\\\/de\\\/sektoren\\\/nicht-gefaehrlicher-abfall\\\/#breadcrumb\"},\"inLanguage\":\"de\",\"potentialAction\":[{\"@type\":\"ReadAction\",\"target\":[\"https:\\\/\\\/jugo-impex.com\\\/de\\\/sektoren\\\/nicht-gefaehrlicher-abfall\\\/\"]}]},{\"@type\":\"BreadcrumbList\",\"@id\":\"https:\\\/\\\/jugo-impex.com\\\/de\\\/sektoren\\\/nicht-gefaehrlicher-abfall\\\/#breadcrumb\",\"itemListElement\":[{\"@type\":\"ListItem\",\"position\":1,\"name\":\"Home\",\"item\":\"https:\\\/\\\/jugo-impex.com\\\/de\\\/\"},{\"@type\":\"ListItem\",\"position\":2,\"name\":\"Sektoren\",\"item\":\"https:\\\/\\\/jugo-impex.com\\\/de\\\/sektoren\\\/\"},{\"@type\":\"ListItem\",\"position\":3,\"name\":\"Nicht gef\u00e4hrlicher Abfall\"}]},{\"@type\":\"WebSite\",\"@id\":\"https:\\\/\\\/jugo-impex.com\\\/#website\",\"url\":\"https:\\\/\\\/jugo-impex.com\\\/\",\"name\":\"Jugo-impex\",\"description\":\"\",\"potentialAction\":[{\"@type\":\"SearchAction\",\"target\":{\"@type\":\"EntryPoint\",\"urlTemplate\":\"https:\\\/\\\/jugo-impex.com\\\/?s={search_term_string}\"},\"query-input\":{\"@type\":\"PropertyValueSpecification\",\"valueRequired\":true,\"valueName\":\"search_term_string\"}}],\"inLanguage\":\"de\"}]}<\/script>\n<!-- \/ Yoast SEO plugin. -->","yoast_head_json":{"title":"Recyclingzentrum f\u00fcr nicht gef\u00e4hrliche Abf\u00e4lle - JUGO-IMPEX","description":"Jugo-Impex recycelt in seinem Recyclingzentrum die gesammelten Abf\u00e4lle effizient zu Rohstoffen, welche zur Wiederverwendung geeignet sind.","robots":{"index":"index","follow":"follow","max-snippet":"max-snippet:-1","max-image-preview":"max-image-preview:large","max-video-preview":"max-video-preview:-1"},"canonical":"https:\/\/jugo-impex.com\/de\/sektoren\/nicht-gefaehrlicher-abfall\/","schema":{"@context":"https:\/\/schema.org","@graph":[{"@type":"WebPage","@id":"https:\/\/jugo-impex.com\/de\/sektoren\/nicht-gefaehrlicher-abfall\/","url":"https:\/\/jugo-impex.com\/de\/sektoren\/nicht-gefaehrlicher-abfall\/","name":"Recyclingzentrum f\u00fcr nicht gef\u00e4hrliche Abf\u00e4lle - JUGO-IMPEX","isPartOf":{"@id":"https:\/\/jugo-impex.com\/#website"},"datePublished":"2020-07-24T13:51:45+00:00","dateModified":"2021-02-03T10:43:45+00:00","description":"Jugo-Impex recycelt in seinem Recyclingzentrum die gesammelten Abf\u00e4lle effizient zu Rohstoffen, welche zur Wiederverwendung geeignet sind.","breadcrumb":{"@id":"https:\/\/jugo-impex.com\/de\/sektoren\/nicht-gefaehrlicher-abfall\/#breadcrumb"},"inLanguage":"de","potentialAction":[{"@type":"ReadAction","target":["https:\/\/jugo-impex.com\/de\/sektoren\/nicht-gefaehrlicher-abfall\/"]}]},{"@type":"BreadcrumbList","@id":"https:\/\/jugo-impex.com\/de\/sektoren\/nicht-gefaehrlicher-abfall\/#breadcrumb","itemListElement":[{"@type":"ListItem","position":1,"name":"Home","item":"https:\/\/jugo-impex.com\/de\/"},{"@type":"ListItem","position":2,"name":"Sektoren","item":"https:\/\/jugo-impex.com\/de\/sektoren\/"},{"@type":"ListItem","position":3,"name":"Nicht gef\u00e4hrlicher Abfall"}]},{"@type":"WebSite","@id":"https:\/\/jugo-impex.com\/#website","url":"https:\/\/jugo-impex.com\/","name":"Jugo-impex","description":"","potentialAction":[{"@type":"SearchAction","target":{"@type":"EntryPoint","urlTemplate":"https:\/\/jugo-impex.com\/?s={search_term_string}"},"query-input":{"@type":"PropertyValueSpecification","valueRequired":true,"valueName":"search_term_string"}}],"inLanguage":"de"}]}},"_links":{"self":[{"href":"https:\/\/jugo-impex.com\/de\/wp-json\/wp\/v2\/pages\/55667","targetHints":{"allow":["GET"]}}],"collection":[{"href":"https:\/\/jugo-impex.com\/de\/wp-json\/wp\/v2\/pages"}],"about":[{"href":"https:\/\/jugo-impex.com\/de\/wp-json\/wp\/v2\/types\/page"}],"author":[{"embeddable":true,"href":"https:\/\/jugo-impex.com\/de\/wp-json\/wp\/v2\/users\/2"}],"replies":[{"embeddable":true,"href":"https:\/\/jugo-impex.com\/de\/wp-json\/wp\/v2\/comments?post=55667"}],"version-history":[{"count":0,"href":"https:\/\/jugo-impex.com\/de\/wp-json\/wp\/v2\/pages\/55667\/revisions"}],"up":[{"embeddable":true,"href":"https:\/\/jugo-impex.com\/de\/wp-json\/wp\/v2\/pages\/307"}],"wp:attachment":[{"href":"https:\/\/jugo-impex.com\/de\/wp-json\/wp\/v2\/media?parent=55667"}],"curies":[{"name":"wp","href":"https:\/\/api.w.org\/{rel}","templated":true}]}}