{"id":55640,"date":"2020-07-16T08:32:02","date_gmt":"2020-07-16T08:32:02","guid":{"rendered":"https:\/\/jugo-impex.com\/politika-privatnosti\/"},"modified":"2021-02-03T10:49:55","modified_gmt":"2021-02-03T10:49:55","slug":"datenschutz-bestimmungen","status":"publish","type":"page","link":"https:\/\/jugo-impex.com\/de\/datenschutz-bestimmungen\/","title":{"rendered":"Datenschutz-Bestimmungen"},"content":{"rendered":"\r\n<p>Diese Datenschutzrichtlinie (&#8222;Richtlinie&#8220;) beschreibt, wie der Website-Betreiber (&#8222;Website-Betreiber&#8220;, &#8222;wir&#8220;, &#8222;uns&#8220; oder &#8222;unser&#8220;) die von Ihnen (&#8222;Benutzer&#8220;) personenbezogenen Daten (&#8222;pers\u00f6nlichen Daten&#8220;) sammelt, sch\u00fctzt und verwendet. , &#8222;Sie&#8220; oder &#8222;Ihr&#8220;) k\u00f6nnen auf der Website <a href=\"\/de\/\">jugo-impex.com<\/a> und ihren Produkten oder Dienstleistungen (zusammen &#8222;Website&#8220; oder &#8222;Dienstleistungen&#8220;) bereitstellen. Au\u00dferdem werden die Auswahlm\u00f6glichkeiten beschrieben, die Ihnen hinsichtlich unserer Verwendung Ihrer pers\u00f6nlichen Daten zur Verf\u00fcgung stehen, und wie Sie auf diese Informationen zugreifen und sie aktualisieren k\u00f6nnen. Diese Richtlinie gilt nicht f\u00fcr Praktiken von Unternehmen, die wir nicht besitzen oder kontrollieren, oder f\u00fcr Personen, die wir nicht besch\u00e4ftigen oder verwalten.<\/p>\r\n<p><strong>Sammlung pers\u00f6nlicher Informationen<\/strong><br \/>Wir erhalten und speichern alle Informationen, die Sie uns wissentlich zur Verf\u00fcgung stellen, wenn Sie Online-Formulare auf der Website ausf\u00fcllen. Sie k\u00f6nnen sich daf\u00fcr entscheiden, uns bestimmte Informationen nicht zur Verf\u00fcgung zu stellen, aber dann k\u00f6nnen Sie m\u00f6glicherweise einige der Funktionen der Website nicht nutzen. Benutzer, die sich nicht sicher sind, welche Informationen obligatorisch sind, k\u00f6nnen sich gerne an uns wenden.<\/p>\r\n<p><strong>Sammlung nicht personenbezogener Daten<\/strong><br \/>Wenn Sie die Website besuchen, zeichnen unsere Server automatisch Informationen auf, die Ihr Browser sendet. Diese Daten k\u00f6nnen Informationen wie die IP-Adresse Ihres Ger\u00e4ts, den Browsertyp und die Version, den Betriebssystemtyp und die Version, die Spracheinstellungen oder die Webseite, die Sie vor dem Besuch unserer Website besucht haben, die Seiten unserer Website, die Sie besucht haben, sowie die aufgewendete Zeit enthalten Diese Seiten, Informationen, nach denen Sie auf unserer Website suchen, Zugriffszeiten und -daten sowie andere Statistiken.<\/p>\r\n<p><strong>Verwendung und Verarbeitung gesammelter Informationen<\/strong><br \/>Alle Informationen, die wir von Ihnen sammeln, k\u00f6nnen zur Verbesserung unserer Website verwendet werden. Betreiben und betreiben Sie unsere Website und Services. Die gesammelten nicht personenbezogenen Daten werden nur verwendet, um potenzielle Missbrauchsf\u00e4lle zu identifizieren und statistische Informationen zur Nutzung der Website zu erstellen. Diese statistischen Informationen werden ansonsten nicht so aggregiert, dass ein bestimmter Benutzer des Systems identifiziert wird.<\/p>\r\n<p>Wir k\u00f6nnen personenbezogene Daten, die sich auf Sie beziehen, verarbeiten, wenn eine der folgenden Bedingungen zutrifft: (i) Sie haben ihre Zustimmung f\u00fcr einen oder mehrere bestimmte Zwecke erteilt. Beachten Sie, dass wir nach einigen Gesetzen m\u00f6glicherweise Informationen verarbeiten d\u00fcrfen, bis Sie einer solchen Verarbeitung widersprechen (indem Sie sich abmelden), ohne sich auf die Zustimmung oder eine der folgenden Rechtsgrundlagen verlassen zu m\u00fcssen. Dies gilt jedoch nicht, wenn die Verarbeitung personenbezogener Daten dem europ\u00e4ischen Datenschutzrecht unterliegt; (ii) Die Bereitstellung von Informationen ist f\u00fcr die Erf\u00fcllung einer Vereinbarung mit Ihnen und \/ oder f\u00fcr vorvertragliche Verpflichtungen erforderlich. (ii) Die Verarbeitung ist erforderlich, um einer gesetzlichen Verpflichtung nachzukommen, der Sie unterliegen. (iv) Die Verarbeitung bezieht sich auf eine Aufgabe, die im \u00f6ffentlichen Interesse oder in Aus\u00fcbung der uns \u00fcbertragenen beh\u00f6rdlichen Befugnisse ausgef\u00fchrt wird. (v) Die Verarbeitung ist zum Zwecke der berechtigten Interessen erforderlich, die von uns oder einem Dritten verfolgt werden. In jedem Fall kl\u00e4ren wir gerne die spezifische Rechtsgrundlage, die f\u00fcr die Verarbeitung gilt, und insbesondere, ob die Bereitstellung personenbezogener Daten eine gesetzliche oder vertragliche Anforderung oder eine f\u00fcr den Abschluss eines Vertrags erforderliche Anforderung ist.<\/p>\r\n<p><strong>Informations\u00fcbertragung und -speicherung<\/strong><br \/>Abh\u00e4ngig von Ihrem Standort kann die Daten\u00fcbertragung die \u00dcbertragung und Speicherung Ihrer Daten in einem anderen Land als Ihrem eigenen umfassen. Sie haben das Recht, sich \u00fcber die Rechtsgrundlage der Informations\u00fcbertragung an ein Land au\u00dferhalb der Europ\u00e4ischen Union oder an eine internationale Organisation zu informieren, die dem V\u00f6lkerrecht unterliegt oder von zwei oder mehr L\u00e4ndern wie der UNO gegr\u00fcndet wurde, sowie \u00fcber die Sicherheitsma\u00dfnahmen, die von getroffen wurden uns, um Ihre Informationen zu sch\u00fctzen. Wenn eine solche \u00dcbertragung stattfindet, k\u00f6nnen Sie mehr dar\u00fcber erfahren, indem Sie die entsprechenden Abschnitte dieses Dokuments \u00fcberpr\u00fcfen oder sich bei uns unter Verwendung der im Kontaktabschnitt angegebenen Informationen erkundigen.<\/p>\r\n<p><strong>Die Rechte der Benutzer<\/strong><br \/>Sie k\u00f6nnen bestimmte Rechte in Bezug auf Ihre von uns verarbeiteten Informationen aus\u00fcben. Insbesondere haben Sie das Recht, Folgendes zu tun: (i) Sie haben das Recht, die Einwilligung zu widerrufen, wenn Sie zuvor Ihre Einwilligung zur Verarbeitung Ihrer Daten erteilt haben; (ii) Sie haben das Recht, der Verarbeitung Ihrer Daten zu widersprechen, wenn die Verarbeitung auf einer anderen Rechtsgrundlage als der Zustimmung erfolgt; (iii) Sie haben das Recht zu erfahren, ob Informationen von uns verarbeitet werden, Informationen zu bestimmten Aspekten der Verarbeitung einzuholen und eine Kopie der Informationen zu erhalten, die verarbeitet werden. (iv) Sie haben das Recht, die Richtigkeit Ihrer Informationen zu \u00fcberpr\u00fcfen und deren Aktualisierung oder Korrektur zu verlangen; (v) Sie haben unter bestimmten Umst\u00e4nden das Recht, die Verarbeitung Ihrer Daten einzuschr\u00e4nken. In diesem Fall werden wir Ihre Daten nur f\u00fcr die Speicherung verarbeiten. (vi) Sie haben unter bestimmten Umst\u00e4nden das Recht, die L\u00f6schung Ihrer pers\u00f6nlichen Daten von uns zu erhalten; (vii) Sie haben das Recht, Ihre Informationen in einem strukturierten, allgemein verwendeten und maschinenlesbaren Format zu erhalten und, sofern dies technisch machbar ist, ungehindert an einen anderen Controller \u00fcbertragen zu lassen. Diese Bestimmung gilt, sofern Ihre Daten automatisiert verarbeitet werden und die Verarbeitung auf Ihrer Zustimmung, auf einem Vertrag, an dem Sie beteiligt sind, oder auf vorvertraglichen Verpflichtungen beruht.<\/p>\r\n<p><strong>Das Recht, der Verarbeitung zu widersprechen<\/strong><br \/>Wenn personenbezogene Daten f\u00fcr ein \u00f6ffentliches Interesse, in Aus\u00fcbung einer uns \u00fcbertragenen beh\u00f6rdlichen Befugnis oder zum Zwecke der von uns verfolgten berechtigten Interessen verarbeitet werden, k\u00f6nnen Sie einer solchen Verarbeitung widersprechen, indem Sie einen Grund f\u00fcr Ihre besondere Situation angeben, um dies zu rechtfertigen Einwand. Sie m\u00fcssen jedoch wissen, dass Sie, falls Ihre pers\u00f6nlichen Daten f\u00fcr Direktmarketingzwecke verarbeitet werden, dieser Verarbeitung jederzeit ohne Begr\u00fcndung widersprechen k\u00f6nnen. Informationen dar\u00fcber, ob wir personenbezogene Daten f\u00fcr Direktmarketingzwecke verarbeiten, finden Sie in den entsprechenden Abschnitten dieses Dokuments.<\/p>\r\n<p><strong>Wie man diese Rechte aus\u00fcbt<\/strong><br \/>Anfragen zur Aus\u00fcbung von Benutzerrechten k\u00f6nnen \u00fcber die in diesem Dokument angegebenen Kontaktdaten an den Eigent\u00fcmer gerichtet werden. Diese Anfragen k\u00f6nnen kostenlos bearbeitet werden und werden vom Eigent\u00fcmer so fr\u00fch wie m\u00f6glich und immer innerhalb eines Monats bearbeitet.<\/p>\r\n<p><strong>Privatsph\u00e4re von Kindern<\/strong><br \/>Wir sammeln wissentlich keine pers\u00f6nlichen Daten von Kindern unter 13 Jahren. Wenn Sie unter 13 Jahre alt sind, \u00fcbermitteln Sie bitte keine pers\u00f6nlichen Daten \u00fcber unsere Website oder unseren Service. Wir ermutigen Eltern und Erziehungsberechtigte, die Internetnutzung ihrer Kinder zu \u00fcberwachen und zur Durchsetzung dieser Richtlinie beizutragen, indem sie ihre Kinder anweisen, niemals ohne ihre Erlaubnis personenbezogene Daten \u00fcber unsere Website oder unseren Dienst bereitzustellen. Wenn Sie Grund zu der Annahme haben, dass ein Kind unter 13 Jahren uns \u00fcber unsere Website oder unseren Service personenbezogene Daten zur Verf\u00fcgung gestellt hat, kontaktieren Sie uns bitte.<\/p>\r\n<p><strong>Kekse<\/strong><br \/>Die Website verwendet \u201e<a href=\"\/de\/cookie-richtlinie\/\">Cookies<\/a>\u201c, um Ihre Online-Erfahrung zu personalisieren. Ein Cookie ist eine Textdatei, die von einem Webseiten-Server auf Ihrer Festplatte abgelegt wird. Cookies k\u00f6nnen nicht zum Ausf\u00fchren von Programmen oder zum \u00dcbertragen von Viren auf Ihren Computer verwendet werden. Cookies werden Ihnen eindeutig zugewiesen und k\u00f6nnen nur von einem Webserver in der Dom\u00e4ne gelesen werden, die das Cookie an Sie ausgegeben hat. Wir k\u00f6nnen Cookies verwenden, um Informationen f\u00fcr statistische Zwecke zu sammeln, zu speichern und zu verfolgen, um unsere Website und Dienste zu betreiben. Sie k\u00f6nnen Cookies akzeptieren oder ablehnen. Die meisten Webbrowser akzeptieren Cookies automatisch, aber Sie k\u00f6nnen Ihre Browsereinstellungen normalerweise so \u00e4ndern, dass Cookies abgelehnt werden, wenn Sie dies bevorzugen.<\/p>\r\n<p><strong>Informationssicherheit<\/strong><br \/>Wir sch\u00fctzen Informationen, die Sie auf Computerservern bereitstellen, in einer kontrollierten, sicheren Umgebung, die vor unbefugtem Zugriff, Verwendung oder Offenlegung gesch\u00fctzt ist. Wir halten angemessene administrative, technische und physische Sicherheitsvorkehrungen ein, um den unbefugten Zugriff, die Verwendung, \u00c4nderung und Offenlegung personenbezogener Daten in ihrer Kontrolle und Verwahrung zu verhindern. Es kann jedoch keine Daten\u00fcbertragung \u00fcber das Internet oder ein drahtloses Netzwerk garantiert werden. W\u00e4hrend wir uns bem\u00fchen, Ihre pers\u00f6nlichen Daten zu sch\u00fctzen, erkennen Sie daher an, dass (i) es Sicherheits- und Datenschutzbeschr\u00e4nkungen des Internets gibt, die au\u00dferhalb unserer Kontrolle liegen; (ii) die Sicherheit, Integrit\u00e4t und Privatsph\u00e4re aller Informationen und Daten, die zwischen Ihnen und unserer Website ausgetauscht werden, kann nicht garantiert werden; und (iii) solche Informationen und Daten k\u00f6nnen trotz aller Bem\u00fchungen von Dritten w\u00e4hrend des Transports eingesehen oder manipuliert werden.<\/p>\r\n<p><strong>Datenleck<\/strong><br \/>Falls wir feststellen, dass die Sicherheit der Website beeintr\u00e4chtigt wurde oder die pers\u00f6nlichen Daten des Benutzers aufgrund externer Aktivit\u00e4ten, einschlie\u00dflich, aber nicht beschr\u00e4nkt auf Sicherheitsangriffe oder Betrug, an unabh\u00e4ngige Dritte weitergegeben wurden, behalten wir uns das Recht vor angemessen angemessene Ma\u00dfnahmen zu ergreifen, einschlie\u00dflich, aber nicht beschr\u00e4nkt auf Ermittlungen und Berichterstattung sowie Benachrichtigung und Zusammenarbeit mit Strafverfolgungsbeh\u00f6rden. Im Falle eines Datenversto\u00dfes werden wir angemessene Anstrengungen unternehmen, um betroffene Personen zu benachrichtigen, wenn wir der Ansicht sind, dass aufgrund des Versto\u00dfes ein angemessenes Risiko f\u00fcr den Benutzer besteht oder wenn dies gesetzlich vorgeschrieben ist. Wenn wir dies tun, werden wir einen Hinweis auf der Website ver\u00f6ffentlichen.<\/p>\r\n<p><strong>Rechtliche Offenlegung<\/strong><br \/>Wir werden alle Informationen offenlegen, die wir sammeln, verwenden oder erhalten, wenn dies gesetzlich vorgeschrieben oder gestattet ist, z. B. um einer Vorladung oder einem \u00e4hnlichen Rechtsverfahren nachzukommen. Wenn wir nach Treu und Glauben der Ansicht sind, dass eine Offenlegung zum Schutz unserer Rechte erforderlich ist, sch\u00fctzen Sie Ihre Sicherheit oder die Sicherheit anderer, Betrug untersuchen oder auf eine Anfrage der Regierung reagieren.<\/p>\r\n<p><strong>\u00c4nderungen und Erg\u00e4nzungen<\/strong><br \/>Wir behalten uns das Recht vor, diese Richtlinie in Bezug auf die Website oder die Dienste jederzeit zu \u00e4ndern, sobald eine aktualisierte Version dieser Richtlinie auf der Website ver\u00f6ffentlicht wird. Wenn wir dies tun, werden wir eine Benachrichtigung auf der Hauptseite unserer Website ver\u00f6ffentlichen. Die fortgesetzte Nutzung der Website nach solchen \u00c4nderungen gilt als Ihre Zustimmung zu solchen \u00c4nderungen.<\/p>\r\n<p><strong>Akzeptanz dieser Richtlinie<\/strong><br \/>Sie best\u00e4tigen, dass Sie diese Richtlinie gelesen haben und allen Bedingungen zustimmen. Durch die Nutzung der Website oder ihrer Dienste erkl\u00e4ren Sie sich mit dieser Richtlinie einverstanden. Wenn Sie nicht einverstanden sind, die Bestimmungen dieser Richtlinie einzuhalten, sind Sie nicht berechtigt, die Website und ihre Dienste zu nutzen oder darauf zuzugreifen.<\/p>\r\n<p><strong>Uns kontaktieren<\/strong><br \/>Wenn Sie Fragen zu dieser Richtlinie haben, wenden Sie sich bitte an uns.<\/p>\r\n","protected":false},"excerpt":{"rendered":"<p>Diese Datenschutzrichtlinie (&#8222;Richtlinie&#8220;) beschreibt, wie der Website-Betreiber (&#8222;Website-Betreiber&#8220;, &#8222;wir&#8220;, &#8222;uns&#8220; oder &#8222;unser&#8220;) die von Ihnen (&#8222;Benutzer&#8220;) personenbezogenen Daten (&#8222;pers\u00f6nlichen Daten&#8220;) sammelt, sch\u00fctzt und verwendet. , &#8222;Sie&#8220; oder &#8222;Ihr&#8220;) k\u00f6nnen auf der Website jugo-impex.com und ihren Produkten oder Dienstleistungen (zusammen &#8222;Website&#8220; oder &#8222;Dienstleistungen&#8220;) bereitstellen. Au\u00dferdem werden die Auswahlm\u00f6glichkeiten beschrieben, die Ihnen hinsichtlich unserer Verwendung Ihrer pers\u00f6nlichen [&hellip;]<\/p>\n","protected":false},"author":1,"featured_media":0,"parent":0,"menu_order":0,"comment_status":"closed","ping_status":"open","template":"general-template.php","meta":{"_acf_changed":false,"inline_featured_image":false,"footnotes":""},"class_list":["post-55640","page","type-page","status-publish","hentry"],"acf":[],"yoast_head":"<!-- This site is optimized with the Yoast SEO plugin v27.3 - https:\/\/yoast.com\/product\/yoast-seo-wordpress\/ -->\n<title>Datenschutz-Bestimmungen - JUGO-IMPEX<\/title>\n<meta name=\"description\" content=\"Weitere Informationen zu Datenschutzbestimmungen finden Sie auf der offiziellen Website von Jugo-Impex.\" \/>\n<meta name=\"robots\" content=\"index, follow, max-snippet:-1, max-image-preview:large, max-video-preview:-1\" \/>\n<link rel=\"canonical\" href=\"https:\/\/jugo-impex.com\/de\/datenschutz-bestimmungen\/\" \/>\n<meta name=\"twitter:label1\" content=\"Gesch\u00e4tzte Lesezeit\" \/>\n\t<meta name=\"twitter:data1\" content=\"8\u00a0Minuten\" \/>\n<script type=\"application\/ld+json\" class=\"yoast-schema-graph\">{\"@context\":\"https:\\\/\\\/schema.org\",\"@graph\":[{\"@type\":\"WebPage\",\"@id\":\"https:\\\/\\\/jugo-impex.com\\\/de\\\/datenschutz-bestimmungen\\\/\",\"url\":\"https:\\\/\\\/jugo-impex.com\\\/de\\\/datenschutz-bestimmungen\\\/\",\"name\":\"Datenschutz-Bestimmungen - JUGO-IMPEX\",\"isPartOf\":{\"@id\":\"https:\\\/\\\/jugo-impex.com\\\/#website\"},\"datePublished\":\"2020-07-16T08:32:02+00:00\",\"dateModified\":\"2021-02-03T10:49:55+00:00\",\"description\":\"Weitere Informationen zu Datenschutzbestimmungen finden Sie auf der offiziellen Website von Jugo-Impex.\",\"breadcrumb\":{\"@id\":\"https:\\\/\\\/jugo-impex.com\\\/de\\\/datenschutz-bestimmungen\\\/#breadcrumb\"},\"inLanguage\":\"de\",\"potentialAction\":[{\"@type\":\"ReadAction\",\"target\":[\"https:\\\/\\\/jugo-impex.com\\\/de\\\/datenschutz-bestimmungen\\\/\"]}]},{\"@type\":\"BreadcrumbList\",\"@id\":\"https:\\\/\\\/jugo-impex.com\\\/de\\\/datenschutz-bestimmungen\\\/#breadcrumb\",\"itemListElement\":[{\"@type\":\"ListItem\",\"position\":1,\"name\":\"Home\",\"item\":\"https:\\\/\\\/jugo-impex.com\\\/de\\\/\"},{\"@type\":\"ListItem\",\"position\":2,\"name\":\"Datenschutz-Bestimmungen\"}]},{\"@type\":\"WebSite\",\"@id\":\"https:\\\/\\\/jugo-impex.com\\\/#website\",\"url\":\"https:\\\/\\\/jugo-impex.com\\\/\",\"name\":\"Jugo-impex\",\"description\":\"\",\"potentialAction\":[{\"@type\":\"SearchAction\",\"target\":{\"@type\":\"EntryPoint\",\"urlTemplate\":\"https:\\\/\\\/jugo-impex.com\\\/?s={search_term_string}\"},\"query-input\":{\"@type\":\"PropertyValueSpecification\",\"valueRequired\":true,\"valueName\":\"search_term_string\"}}],\"inLanguage\":\"de\"}]}<\/script>\n<!-- \/ Yoast SEO plugin. -->","yoast_head_json":{"title":"Datenschutz-Bestimmungen - JUGO-IMPEX","description":"Weitere Informationen zu Datenschutzbestimmungen finden Sie auf der offiziellen Website von Jugo-Impex.","robots":{"index":"index","follow":"follow","max-snippet":"max-snippet:-1","max-image-preview":"max-image-preview:large","max-video-preview":"max-video-preview:-1"},"canonical":"https:\/\/jugo-impex.com\/de\/datenschutz-bestimmungen\/","twitter_misc":{"Gesch\u00e4tzte Lesezeit":"8\u00a0Minuten"},"schema":{"@context":"https:\/\/schema.org","@graph":[{"@type":"WebPage","@id":"https:\/\/jugo-impex.com\/de\/datenschutz-bestimmungen\/","url":"https:\/\/jugo-impex.com\/de\/datenschutz-bestimmungen\/","name":"Datenschutz-Bestimmungen - JUGO-IMPEX","isPartOf":{"@id":"https:\/\/jugo-impex.com\/#website"},"datePublished":"2020-07-16T08:32:02+00:00","dateModified":"2021-02-03T10:49:55+00:00","description":"Weitere Informationen zu Datenschutzbestimmungen finden Sie auf der offiziellen Website von Jugo-Impex.","breadcrumb":{"@id":"https:\/\/jugo-impex.com\/de\/datenschutz-bestimmungen\/#breadcrumb"},"inLanguage":"de","potentialAction":[{"@type":"ReadAction","target":["https:\/\/jugo-impex.com\/de\/datenschutz-bestimmungen\/"]}]},{"@type":"BreadcrumbList","@id":"https:\/\/jugo-impex.com\/de\/datenschutz-bestimmungen\/#breadcrumb","itemListElement":[{"@type":"ListItem","position":1,"name":"Home","item":"https:\/\/jugo-impex.com\/de\/"},{"@type":"ListItem","position":2,"name":"Datenschutz-Bestimmungen"}]},{"@type":"WebSite","@id":"https:\/\/jugo-impex.com\/#website","url":"https:\/\/jugo-impex.com\/","name":"Jugo-impex","description":"","potentialAction":[{"@type":"SearchAction","target":{"@type":"EntryPoint","urlTemplate":"https:\/\/jugo-impex.com\/?s={search_term_string}"},"query-input":{"@type":"PropertyValueSpecification","valueRequired":true,"valueName":"search_term_string"}}],"inLanguage":"de"}]}},"_links":{"self":[{"href":"https:\/\/jugo-impex.com\/de\/wp-json\/wp\/v2\/pages\/55640","targetHints":{"allow":["GET"]}}],"collection":[{"href":"https:\/\/jugo-impex.com\/de\/wp-json\/wp\/v2\/pages"}],"about":[{"href":"https:\/\/jugo-impex.com\/de\/wp-json\/wp\/v2\/types\/page"}],"author":[{"embeddable":true,"href":"https:\/\/jugo-impex.com\/de\/wp-json\/wp\/v2\/users\/1"}],"replies":[{"embeddable":true,"href":"https:\/\/jugo-impex.com\/de\/wp-json\/wp\/v2\/comments?post=55640"}],"version-history":[{"count":0,"href":"https:\/\/jugo-impex.com\/de\/wp-json\/wp\/v2\/pages\/55640\/revisions"}],"wp:attachment":[{"href":"https:\/\/jugo-impex.com\/de\/wp-json\/wp\/v2\/media?parent=55640"}],"curies":[{"name":"wp","href":"https:\/\/api.w.org\/{rel}","templated":true}]}}