{"id":55635,"date":"2020-07-30T09:36:39","date_gmt":"2020-07-30T09:36:39","guid":{"rendered":"https:\/\/jugo-impex.com\/politika-kolacica\/"},"modified":"2021-02-03T10:49:04","modified_gmt":"2021-02-03T10:49:04","slug":"cookie-richtlinie","status":"publish","type":"page","link":"https:\/\/jugo-impex.com\/de\/cookie-richtlinie\/","title":{"rendered":"Cookie-Richtlinie"},"content":{"rendered":"<p>Diese Cookie-Richtlinie (&#8222;Richtlinie&#8220;) beschreibt, was Cookies sind und wie der Website-Betreiber (&#8222;Website-Betreiber&#8220;, &#8222;wir&#8220;, &#8222;uns&#8220; oder &#8222;unser&#8220;) sie auf der Website <a href=\"\/de\/\">jugo-impex.com<\/a> und einem seiner Produkte oder Produkte verwendet Dienstleistungen (zusammen &#8222;Website&#8220; oder &#8222;Dienstleistungen&#8220;).<\/p>\n<p>Sie sollten diese Richtlinie lesen, damit Sie verstehen, welche Art von Cookies wir verwenden, welche Informationen wir mithilfe von Cookies sammeln und wie diese Informationen verwendet werden. Au\u00dferdem werden die Optionen beschrieben, die Ihnen zur Verf\u00fcgung stehen, um die Verwendung von Cookies zu akzeptieren oder abzulehnen. Weitere Informationen dar\u00fcber, wie wir Ihre pers\u00f6nlichen Daten verwenden, speichern und sch\u00fctzen, finden Sie in unseren <a href=\"\/de\/datenschutz-bestimmungen\/\">Datenschutzbestimmungen<\/a>.<\/p>\n<p><strong>Was sind Cookies?<\/strong><br \/>\nCookies sind kleine Daten, die in Textdateien gespeichert sind und auf Ihrem Computer oder anderen Ger\u00e4ten gespeichert werden, wenn Websites in einen Browser geladen werden. Sie werden h\u00e4ufig verwendet, um sich an Sie und Ihre Vorlieben zu erinnern, entweder f\u00fcr einen einzelnen Besuch (\u00fcber ein \u201eSitzungscookie\u201c) oder f\u00fcr mehrere wiederholte Besuche (mithilfe eines \u201edauerhaften Cookies\u201c).<\/p>\n<p>Sitzungscookies sind tempor\u00e4re Cookies, die w\u00e4hrend Ihres Besuchs auf der Website verwendet werden und verfallen, wenn Sie den Webbrowser schlie\u00dfen.<\/p>\n<p>Permanente Cookies werden verwendet, um Ihre Einstellungen auf unserer Website zu speichern und auf Ihrem Desktop oder Mobilger\u00e4t zu bleiben, auch nachdem Sie Ihren Browser geschlossen oder Ihren Computer neu gestartet haben. Sie gew\u00e4hrleisten eine konsistente und effiziente Erfahrung f\u00fcr Sie beim Besuch unserer Website oder bei der Nutzung unserer Dienste.<\/p>\n<p>Cookies k\u00f6nnen von der Website (\u201eErstanbieter-Cookies\u201c) oder von Dritten gesetzt werden, z. B. von denen, die Inhalte bereitstellen oder Werbe- oder Analysedienste auf der Website bereitstellen (\u201eDrittanbieter-Cookies\u201c). Diese Dritten k\u00f6nnen Sie erkennen, wenn Sie unsere Website besuchen und wenn Sie bestimmte andere Websites besuchen.<\/p>\n<p><strong>Welche Art von Cookies verwenden wir?<\/strong><br \/>\nAnalytische Cookies<br \/>\nDiese Cookies erm\u00f6glichen es uns und Drittanbietern, aggregierte Daten zu statistischen Zwecken dar\u00fcber zu sammeln, wie unsere Besucher die Website nutzen. Diese Cookies enthalten keine pers\u00f6nlichen Informationen wie Namen und E-Mail-Adressen und werden verwendet, um Ihre Benutzererfahrung auf der Website zu verbessern.<\/p>\n<p><strong>Was sind Ihre Cookie-Optionen?<\/strong><br \/>\nWenn Ihnen die Idee von Cookies oder bestimmten Arten von Cookies nicht gef\u00e4llt, k\u00f6nnen Sie die Einstellungen Ihres Browsers \u00e4ndern, um bereits gesetzte Cookies zu l\u00f6schen und keine neuen Cookies zu akzeptieren. Weitere Informationen hierzu finden Sie auf den Hilfeseiten Ihres Browsers.<\/p>\n<p><strong>\u00c4nderungen und Erg\u00e4nzungen<\/strong><br \/>\nWir behalten uns das Recht vor, diese Richtlinie in Bezug auf die Website oder die Dienste jederzeit zu \u00e4ndern, sobald eine aktualisierte Version dieser Richtlinie auf der Website ver\u00f6ffentlicht wird. Wenn wir dies tun, werden wir eine Benachrichtigung auf der Hauptseite unserer Website ver\u00f6ffentlichen. Die fortgesetzte Nutzung der Website nach solchen \u00c4nderungen gilt als Ihre Zustimmung zu solchen \u00c4nderungen.<\/p>\n<p><strong>Akzeptanz dieser Richtlinie<\/strong><br \/>\nSie best\u00e4tigen, dass Sie diese Richtlinie gelesen haben und allen Bedingungen zustimmen. Durch die Nutzung der Website oder ihrer Dienste erkl\u00e4ren Sie sich mit dieser Richtlinie einverstanden. Wenn Sie nicht einverstanden sind, die Bestimmungen dieser Richtlinie einzuhalten, sind Sie nicht berechtigt, die Website und ihre Dienste zu nutzen oder darauf zuzugreifen.<\/p>\n<p><strong>Uns kontaktieren<\/strong><br \/>\nWenn Sie Fragen zu dieser Richtlinie oder zur Verwendung von Cookies haben, wenden Sie sich bitte an uns.<\/p>\n<div id=\"gtx-trans\" style=\"position: absolute; left: -7px; top: 953px;\">\n<div class=\"gtx-trans-icon\"><\/div>\n<\/div>\n","protected":false},"excerpt":{"rendered":"<p>Diese Cookie-Richtlinie (&#8222;Richtlinie&#8220;) beschreibt, was Cookies sind und wie der Website-Betreiber (&#8222;Website-Betreiber&#8220;, &#8222;wir&#8220;, &#8222;uns&#8220; oder &#8222;unser&#8220;) sie auf der Website jugo-impex.com und einem seiner Produkte oder Produkte verwendet Dienstleistungen (zusammen &#8222;Website&#8220; oder &#8222;Dienstleistungen&#8220;). Sie sollten diese Richtlinie lesen, damit Sie verstehen, welche Art von Cookies wir verwenden, welche Informationen wir mithilfe von Cookies sammeln und [&hellip;]<\/p>\n","protected":false},"author":2,"featured_media":0,"parent":0,"menu_order":0,"comment_status":"closed","ping_status":"closed","template":"general-template.php","meta":{"_acf_changed":false,"inline_featured_image":false,"footnotes":""},"class_list":["post-55635","page","type-page","status-publish","hentry"],"acf":[],"yoast_head":"<!-- This site is optimized with the Yoast SEO plugin v27.3 - https:\/\/yoast.com\/product\/yoast-seo-wordpress\/ -->\n<title>Cookie-Richtlinie - JUGO-IMPEX<\/title>\n<meta name=\"description\" content=\"Weitere Informationen zu Cookies finden Sie auf der offiziellen Website von Jugo-Impex.\" \/>\n<meta name=\"robots\" content=\"index, follow, max-snippet:-1, max-image-preview:large, max-video-preview:-1\" \/>\n<link rel=\"canonical\" href=\"https:\/\/jugo-impex.com\/de\/cookie-richtlinie\/\" \/>\n<meta name=\"twitter:label1\" content=\"Gesch\u00e4tzte Lesezeit\" \/>\n\t<meta name=\"twitter:data1\" content=\"3\u00a0Minuten\" \/>\n<script type=\"application\/ld+json\" class=\"yoast-schema-graph\">{\"@context\":\"https:\\\/\\\/schema.org\",\"@graph\":[{\"@type\":\"WebPage\",\"@id\":\"https:\\\/\\\/jugo-impex.com\\\/de\\\/cookie-richtlinie\\\/\",\"url\":\"https:\\\/\\\/jugo-impex.com\\\/de\\\/cookie-richtlinie\\\/\",\"name\":\"Cookie-Richtlinie - JUGO-IMPEX\",\"isPartOf\":{\"@id\":\"https:\\\/\\\/jugo-impex.com\\\/#website\"},\"datePublished\":\"2020-07-30T09:36:39+00:00\",\"dateModified\":\"2021-02-03T10:49:04+00:00\",\"description\":\"Weitere Informationen zu Cookies finden Sie auf der offiziellen Website von Jugo-Impex.\",\"breadcrumb\":{\"@id\":\"https:\\\/\\\/jugo-impex.com\\\/de\\\/cookie-richtlinie\\\/#breadcrumb\"},\"inLanguage\":\"de\",\"potentialAction\":[{\"@type\":\"ReadAction\",\"target\":[\"https:\\\/\\\/jugo-impex.com\\\/de\\\/cookie-richtlinie\\\/\"]}]},{\"@type\":\"BreadcrumbList\",\"@id\":\"https:\\\/\\\/jugo-impex.com\\\/de\\\/cookie-richtlinie\\\/#breadcrumb\",\"itemListElement\":[{\"@type\":\"ListItem\",\"position\":1,\"name\":\"Home\",\"item\":\"https:\\\/\\\/jugo-impex.com\\\/de\\\/\"},{\"@type\":\"ListItem\",\"position\":2,\"name\":\"Cookie-Richtlinie\"}]},{\"@type\":\"WebSite\",\"@id\":\"https:\\\/\\\/jugo-impex.com\\\/#website\",\"url\":\"https:\\\/\\\/jugo-impex.com\\\/\",\"name\":\"Jugo-impex\",\"description\":\"\",\"potentialAction\":[{\"@type\":\"SearchAction\",\"target\":{\"@type\":\"EntryPoint\",\"urlTemplate\":\"https:\\\/\\\/jugo-impex.com\\\/?s={search_term_string}\"},\"query-input\":{\"@type\":\"PropertyValueSpecification\",\"valueRequired\":true,\"valueName\":\"search_term_string\"}}],\"inLanguage\":\"de\"}]}<\/script>\n<!-- \/ Yoast SEO plugin. -->","yoast_head_json":{"title":"Cookie-Richtlinie - JUGO-IMPEX","description":"Weitere Informationen zu Cookies finden Sie auf der offiziellen Website von Jugo-Impex.","robots":{"index":"index","follow":"follow","max-snippet":"max-snippet:-1","max-image-preview":"max-image-preview:large","max-video-preview":"max-video-preview:-1"},"canonical":"https:\/\/jugo-impex.com\/de\/cookie-richtlinie\/","twitter_misc":{"Gesch\u00e4tzte Lesezeit":"3\u00a0Minuten"},"schema":{"@context":"https:\/\/schema.org","@graph":[{"@type":"WebPage","@id":"https:\/\/jugo-impex.com\/de\/cookie-richtlinie\/","url":"https:\/\/jugo-impex.com\/de\/cookie-richtlinie\/","name":"Cookie-Richtlinie - JUGO-IMPEX","isPartOf":{"@id":"https:\/\/jugo-impex.com\/#website"},"datePublished":"2020-07-30T09:36:39+00:00","dateModified":"2021-02-03T10:49:04+00:00","description":"Weitere Informationen zu Cookies finden Sie auf der offiziellen Website von Jugo-Impex.","breadcrumb":{"@id":"https:\/\/jugo-impex.com\/de\/cookie-richtlinie\/#breadcrumb"},"inLanguage":"de","potentialAction":[{"@type":"ReadAction","target":["https:\/\/jugo-impex.com\/de\/cookie-richtlinie\/"]}]},{"@type":"BreadcrumbList","@id":"https:\/\/jugo-impex.com\/de\/cookie-richtlinie\/#breadcrumb","itemListElement":[{"@type":"ListItem","position":1,"name":"Home","item":"https:\/\/jugo-impex.com\/de\/"},{"@type":"ListItem","position":2,"name":"Cookie-Richtlinie"}]},{"@type":"WebSite","@id":"https:\/\/jugo-impex.com\/#website","url":"https:\/\/jugo-impex.com\/","name":"Jugo-impex","description":"","potentialAction":[{"@type":"SearchAction","target":{"@type":"EntryPoint","urlTemplate":"https:\/\/jugo-impex.com\/?s={search_term_string}"},"query-input":{"@type":"PropertyValueSpecification","valueRequired":true,"valueName":"search_term_string"}}],"inLanguage":"de"}]}},"_links":{"self":[{"href":"https:\/\/jugo-impex.com\/de\/wp-json\/wp\/v2\/pages\/55635","targetHints":{"allow":["GET"]}}],"collection":[{"href":"https:\/\/jugo-impex.com\/de\/wp-json\/wp\/v2\/pages"}],"about":[{"href":"https:\/\/jugo-impex.com\/de\/wp-json\/wp\/v2\/types\/page"}],"author":[{"embeddable":true,"href":"https:\/\/jugo-impex.com\/de\/wp-json\/wp\/v2\/users\/2"}],"replies":[{"embeddable":true,"href":"https:\/\/jugo-impex.com\/de\/wp-json\/wp\/v2\/comments?post=55635"}],"version-history":[{"count":0,"href":"https:\/\/jugo-impex.com\/de\/wp-json\/wp\/v2\/pages\/55635\/revisions"}],"wp:attachment":[{"href":"https:\/\/jugo-impex.com\/de\/wp-json\/wp\/v2\/media?parent=55635"}],"curies":[{"name":"wp","href":"https:\/\/api.w.org\/{rel}","templated":true}]}}