{"id":55616,"date":"2020-07-16T13:38:01","date_gmt":"2020-07-16T13:38:01","guid":{"rendered":"https:\/\/jugo-impex.com\/dozvole-i-sertifikati\/"},"modified":"2021-04-22T13:08:40","modified_gmt":"2021-04-22T13:08:40","slug":"lizenzen-und-zertifikate","status":"publish","type":"page","link":"https:\/\/jugo-impex.com\/de\/lizenzen-und-zertifikate\/","title":{"rendered":"Lizenzen und Zertifikate"},"content":{"rendered":"","protected":false},"excerpt":{"rendered":"","protected":false},"author":2,"featured_media":0,"parent":0,"menu_order":0,"comment_status":"closed","ping_status":"closed","template":"archive.php","meta":{"_acf_changed":false,"inline_featured_image":false,"footnotes":""},"class_list":["post-55616","page","type-page","status-publish","hentry"],"acf":[],"yoast_head":"<!-- This site is optimized with the Yoast SEO plugin v27.3 - https:\/\/yoast.com\/product\/yoast-seo-wordpress\/ -->\n<title>Lizenzen und Zertifikate - JUGO-IMPEX<\/title>\n<meta name=\"description\" content=\"Das Unternehmen Jugo-Impex arbeitet in \u00dcbereinstimmung mit allen geltenden Vorschriften und verf\u00fcgt \u00fcber alle erforderlichen Genehmigungen, um seine Aktivit\u00e4ten auszuf\u00fchren.\" \/>\n<meta name=\"robots\" content=\"index, follow, max-snippet:-1, max-image-preview:large, max-video-preview:-1\" \/>\n<link rel=\"canonical\" href=\"https:\/\/jugo-impex.com\/de\/lizenzen-und-zertifikate\/\" \/>\n<script type=\"application\/ld+json\" class=\"yoast-schema-graph\">{\"@context\":\"https:\\\/\\\/schema.org\",\"@graph\":[{\"@type\":\"WebPage\",\"@id\":\"https:\\\/\\\/jugo-impex.com\\\/de\\\/lizenzen-und-zertifikate\\\/\",\"url\":\"https:\\\/\\\/jugo-impex.com\\\/de\\\/lizenzen-und-zertifikate\\\/\",\"name\":\"Lizenzen und Zertifikate - JUGO-IMPEX\",\"isPartOf\":{\"@id\":\"https:\\\/\\\/jugo-impex.com\\\/#website\"},\"datePublished\":\"2020-07-16T13:38:01+00:00\",\"dateModified\":\"2021-04-22T13:08:40+00:00\",\"description\":\"Das Unternehmen Jugo-Impex arbeitet in \u00dcbereinstimmung mit allen geltenden Vorschriften und verf\u00fcgt \u00fcber alle erforderlichen Genehmigungen, um seine Aktivit\u00e4ten auszuf\u00fchren.\",\"breadcrumb\":{\"@id\":\"https:\\\/\\\/jugo-impex.com\\\/de\\\/lizenzen-und-zertifikate\\\/#breadcrumb\"},\"inLanguage\":\"de\",\"potentialAction\":[{\"@type\":\"ReadAction\",\"target\":[\"https:\\\/\\\/jugo-impex.com\\\/de\\\/lizenzen-und-zertifikate\\\/\"]}]},{\"@type\":\"BreadcrumbList\",\"@id\":\"https:\\\/\\\/jugo-impex.com\\\/de\\\/lizenzen-und-zertifikate\\\/#breadcrumb\",\"itemListElement\":[{\"@type\":\"ListItem\",\"position\":1,\"name\":\"Home\",\"item\":\"https:\\\/\\\/jugo-impex.com\\\/de\\\/\"},{\"@type\":\"ListItem\",\"position\":2,\"name\":\"Lizenzen und Zertifikate\"}]},{\"@type\":\"WebSite\",\"@id\":\"https:\\\/\\\/jugo-impex.com\\\/#website\",\"url\":\"https:\\\/\\\/jugo-impex.com\\\/\",\"name\":\"Jugo-impex\",\"description\":\"\",\"potentialAction\":[{\"@type\":\"SearchAction\",\"target\":{\"@type\":\"EntryPoint\",\"urlTemplate\":\"https:\\\/\\\/jugo-impex.com\\\/?s={search_term_string}\"},\"query-input\":{\"@type\":\"PropertyValueSpecification\",\"valueRequired\":true,\"valueName\":\"search_term_string\"}}],\"inLanguage\":\"de\"}]}<\/script>\n<!-- \/ Yoast SEO plugin. -->","yoast_head_json":{"title":"Lizenzen und Zertifikate - JUGO-IMPEX","description":"Das Unternehmen Jugo-Impex arbeitet in \u00dcbereinstimmung mit allen geltenden Vorschriften und verf\u00fcgt \u00fcber alle erforderlichen Genehmigungen, um seine Aktivit\u00e4ten auszuf\u00fchren.","robots":{"index":"index","follow":"follow","max-snippet":"max-snippet:-1","max-image-preview":"max-image-preview:large","max-video-preview":"max-video-preview:-1"},"canonical":"https:\/\/jugo-impex.com\/de\/lizenzen-und-zertifikate\/","schema":{"@context":"https:\/\/schema.org","@graph":[{"@type":"WebPage","@id":"https:\/\/jugo-impex.com\/de\/lizenzen-und-zertifikate\/","url":"https:\/\/jugo-impex.com\/de\/lizenzen-und-zertifikate\/","name":"Lizenzen und Zertifikate - JUGO-IMPEX","isPartOf":{"@id":"https:\/\/jugo-impex.com\/#website"},"datePublished":"2020-07-16T13:38:01+00:00","dateModified":"2021-04-22T13:08:40+00:00","description":"Das Unternehmen Jugo-Impex arbeitet in \u00dcbereinstimmung mit allen geltenden Vorschriften und verf\u00fcgt \u00fcber alle erforderlichen Genehmigungen, um seine Aktivit\u00e4ten auszuf\u00fchren.","breadcrumb":{"@id":"https:\/\/jugo-impex.com\/de\/lizenzen-und-zertifikate\/#breadcrumb"},"inLanguage":"de","potentialAction":[{"@type":"ReadAction","target":["https:\/\/jugo-impex.com\/de\/lizenzen-und-zertifikate\/"]}]},{"@type":"BreadcrumbList","@id":"https:\/\/jugo-impex.com\/de\/lizenzen-und-zertifikate\/#breadcrumb","itemListElement":[{"@type":"ListItem","position":1,"name":"Home","item":"https:\/\/jugo-impex.com\/de\/"},{"@type":"ListItem","position":2,"name":"Lizenzen und Zertifikate"}]},{"@type":"WebSite","@id":"https:\/\/jugo-impex.com\/#website","url":"https:\/\/jugo-impex.com\/","name":"Jugo-impex","description":"","potentialAction":[{"@type":"SearchAction","target":{"@type":"EntryPoint","urlTemplate":"https:\/\/jugo-impex.com\/?s={search_term_string}"},"query-input":{"@type":"PropertyValueSpecification","valueRequired":true,"valueName":"search_term_string"}}],"inLanguage":"de"}]}},"_links":{"self":[{"href":"https:\/\/jugo-impex.com\/de\/wp-json\/wp\/v2\/pages\/55616","targetHints":{"allow":["GET"]}}],"collection":[{"href":"https:\/\/jugo-impex.com\/de\/wp-json\/wp\/v2\/pages"}],"about":[{"href":"https:\/\/jugo-impex.com\/de\/wp-json\/wp\/v2\/types\/page"}],"author":[{"embeddable":true,"href":"https:\/\/jugo-impex.com\/de\/wp-json\/wp\/v2\/users\/2"}],"replies":[{"embeddable":true,"href":"https:\/\/jugo-impex.com\/de\/wp-json\/wp\/v2\/comments?post=55616"}],"version-history":[{"count":0,"href":"https:\/\/jugo-impex.com\/de\/wp-json\/wp\/v2\/pages\/55616\/revisions"}],"wp:attachment":[{"href":"https:\/\/jugo-impex.com\/de\/wp-json\/wp\/v2\/media?parent=55616"}],"curies":[{"name":"wp","href":"https:\/\/api.w.org\/{rel}","templated":true}]}}